{"id":176,"date":"2017-08-01T16:53:31","date_gmt":"2017-08-01T14:53:31","guid":{"rendered":"http:\/\/pitvaros.sk\/sk\/?page_id=176"},"modified":"2017-09-30T20:55:07","modified_gmt":"2017-09-30T18:55:07","slug":"presidleni-pitvarosania","status":"publish","type":"page","link":"https:\/\/pitvaros.sk\/sk\/?page_id=176","title":{"rendered":"Virtu\u00e1lna prehliadka centra"},"content":{"rendered":"<p style=\"text-align: justify;\">Virtu\u00e1lna prehliadka centra Pitvaro\u0161a zachyt\u00e1va centrum obce prostredn\u00edctvom nieko\u013ek\u00fdch panoramatick\u00fdch bodov. V\u010faka panoramatick\u00e9mu poh\u013eadu m\u00e1 div\u00e1k pocit akoby sa nach\u00e1dzal priamo na mieste a\u00a0m\u00f4\u017ee si prezrie\u0165 re\u00e1lie Pitvaro\u0161a, ak\u00e9 boli v\u00a0\u010dase fotografovania prehliadky, 12. m\u00e1ja 2015. Cel\u00e1 sie\u0165 s\u00a0takmer 100 prepojen\u00fdmi panoramatick\u00fdmi bodmi je s\u00fa\u010das\u0165ou publik\u00e1cie <strong>Pitvaro\u0161 na star\u00fdch fotografi\u00e1ch<\/strong><strong>, ktor\u00e1 vy\u0161la v\u00a0roku 2016.<\/strong> \u00a0Okrem v\u0161etk\u00fdch ul\u00edc s\u00fa zdokumentovan\u00e9 aj v\u00fdznamn\u00e9 miesta, napr.: interi\u00e9r evanjelick\u00e9ho kostola, interi\u00e9r slovenskej n\u00e1rodopisnej zbierky, star\u00fd a\u00a0nov\u00fd cintor\u00edn, lokalita b\u00fdvalej \u017eelezni\u010dnej stanice a\u00a0vodn\u00e1 plocha, tzv. Rak\u0161\u00e1niych jama.<\/p>\n<p style=\"text-align: justify;\">Autorom virtu\u00e1lnej prehliadky je Branislav Krn\u00e1\u010d.<\/p>\n<p style=\"text-align: center;\"><a href=\"http:\/\/pitvaros.sk\/prehliadka\"><strong>Vstup do virtu\u00e1lnej prehliadky<\/strong><\/a><\/p>\n<p>&nbsp;<\/p>\n<p><a href=\"http:\/\/pitvaros.sk\/sk\/wp-content\/uploads\/2017\/08\/PT201607.png\"><img loading=\"lazy\" decoding=\"async\" class=\"aligncenter size-full wp-image-454\" src=\"http:\/\/pitvaros.sk\/sk\/wp-content\/uploads\/2017\/08\/PT201607.png\" alt=\"\" width=\"820\" height=\"433\" srcset=\"https:\/\/pitvaros.sk\/sk\/wp-content\/uploads\/2017\/08\/PT201607.png 820w, https:\/\/pitvaros.sk\/sk\/wp-content\/uploads\/2017\/08\/PT201607-300x158.png 300w, https:\/\/pitvaros.sk\/sk\/wp-content\/uploads\/2017\/08\/PT201607-768x406.png 768w\" sizes=\"auto, (max-width: 820px) 100vw, 820px\" \/><\/a><\/p>\n<p><a href=\"http:\/\/pitvaros.sk\/sk\/wp-content\/uploads\/2017\/08\/PT201608.png\"><img loading=\"lazy\" decoding=\"async\" class=\"aligncenter size-full wp-image-455\" src=\"http:\/\/pitvaros.sk\/sk\/wp-content\/uploads\/2017\/08\/PT201608.png\" alt=\"\" width=\"954\" height=\"507\" srcset=\"https:\/\/pitvaros.sk\/sk\/wp-content\/uploads\/2017\/08\/PT201608.png 954w, https:\/\/pitvaros.sk\/sk\/wp-content\/uploads\/2017\/08\/PT201608-300x159.png 300w, https:\/\/pitvaros.sk\/sk\/wp-content\/uploads\/2017\/08\/PT201608-768x408.png 768w\" sizes=\"auto, (max-width: 954px) 100vw, 954px\" \/><\/a><\/p>\n<p>&nbsp;<\/p>\n<p style=\"text-align: left;\"><strong>Zo z\u00e1kulia pr\u00edpravy virtu\u00e1lnej prehliadky<\/strong><\/p>\n<p>&nbsp;<\/p>\n<p style=\"text-align: justify;\">V\u00a0d\u0148och 11. \u2013 14. m\u00e1ja 2015 v\u00a0uliciach Pitvaro\u0161a Banislav Krn\u00e1\u010d a\u00a0Michal Ko\u017euch realizovali projekt fotografovania panoramatick\u00fdch bodov. Fotografovanie a\u00a0sn\u00edmanie ul\u00edc bolo vykonan\u00e9 pre tvorbu virtu\u00e1lnej prehliadky obce ako s\u00fa\u010das\u0165 pripravovanej monografie: <em>Pitvaro\u0161 na star\u00fdch fotografi\u00e1ch<\/em> <em>(2016).<\/em> Ako body fotografovania boli vybran\u00e9 v\u0161etky kri\u017eovatky ul\u00edc, v\u00fdznamn\u00e9 miesta na Pitvaro\u0161i ako interi\u00e9r kostola, slovensk\u00e1 n\u00e1rodopisn\u00e1 zbierka, Rak\u0161\u00e1nyich jama, cintor\u00edn, mlyn, \u017eelezni\u010dn\u00e1 stanica a centrum obce. Na ka\u017edej ulici boli vykonan\u00e9 e\u0161te \u010fal\u0161ie body fotografovania aby sa sie\u0165ou panoramatick\u00fdch bodov pokryl Pitvaro\u0161 \u010do najhustej\u0161ie. Ulice boli fotografovan\u00e9 vo v\u00fd\u0161ke 1,5 \u2013 1,8 m od povrchu vozovky, pri dodr\u017ean\u00ed z\u00e1sad ochrany s\u00fakromia. Po n\u00e1ro\u010dnej pr\u00e1ci v\u00a0ter\u00e9ne nasledovala e\u0161te n\u00e1ro\u010dnej\u0161ia a\u00a0pracn\u00e1 \u010das\u0165 vytv\u00e1rania panoramatick\u00fdch z\u00e1berov z\u00a0nafoten\u00fdch sn\u00edmkov. V\u00fdsledkom je jednine\u010dn\u00e1 virtu\u00e1lna prehliadka Pitvaro\u0161a, ktor\u00e1 umo\u017e\u0148uje virtu\u00e1lne sa poprech\u00e1dza\u0165 ulicami Pitvaro\u0161a a\u00a0nav\u0161t\u00edvi\u0165 tak zn\u00e1me miesta.<\/p>\n<p>&nbsp;<\/p>\n<p><strong>Fotografie z\u00a0pr\u00edpravy virtu\u00e1lnej prehliadky:<\/strong><\/p>\n<p><a href=\"http:\/\/pitvaros.sk\/sk\/wp-content\/uploads\/2017\/08\/DSC08818.jpg\"><img loading=\"lazy\" decoding=\"async\" class=\"aligncenter wp-image-836\" src=\"http:\/\/pitvaros.sk\/sk\/wp-content\/uploads\/2017\/08\/DSC08818-768x1024.jpg\" alt=\"\" width=\"600\" height=\"800\" srcset=\"https:\/\/pitvaros.sk\/sk\/wp-content\/uploads\/2017\/08\/DSC08818-768x1024.jpg 768w, https:\/\/pitvaros.sk\/sk\/wp-content\/uploads\/2017\/08\/DSC08818-225x300.jpg 225w, https:\/\/pitvaros.sk\/sk\/wp-content\/uploads\/2017\/08\/DSC08818.jpg 1944w\" sizes=\"auto, (max-width: 600px) 100vw, 600px\" \/><\/a><\/p>\n<p><a href=\"http:\/\/pitvaros.sk\/sk\/wp-content\/uploads\/2017\/08\/DSC08873.jpg\"><img loading=\"lazy\" decoding=\"async\" class=\"aligncenter wp-image-837\" src=\"http:\/\/pitvaros.sk\/sk\/wp-content\/uploads\/2017\/08\/DSC08873-1024x768.jpg\" alt=\"\" width=\"600\" height=\"450\" srcset=\"https:\/\/pitvaros.sk\/sk\/wp-content\/uploads\/2017\/08\/DSC08873-1024x768.jpg 1024w, https:\/\/pitvaros.sk\/sk\/wp-content\/uploads\/2017\/08\/DSC08873-300x225.jpg 300w, https:\/\/pitvaros.sk\/sk\/wp-content\/uploads\/2017\/08\/DSC08873-768x576.jpg 768w, https:\/\/pitvaros.sk\/sk\/wp-content\/uploads\/2017\/08\/DSC08873-285x214.jpg 285w\" sizes=\"auto, (max-width: 600px) 100vw, 600px\" \/><\/a><\/p>\n<p><a href=\"http:\/\/pitvaros.sk\/sk\/wp-content\/uploads\/2017\/08\/DSC09392.jpg\"><img loading=\"lazy\" decoding=\"async\" class=\"aligncenter wp-image-838\" src=\"http:\/\/pitvaros.sk\/sk\/wp-content\/uploads\/2017\/08\/DSC09392-1024x768.jpg\" alt=\"\" width=\"600\" height=\"450\" srcset=\"https:\/\/pitvaros.sk\/sk\/wp-content\/uploads\/2017\/08\/DSC09392-1024x768.jpg 1024w, https:\/\/pitvaros.sk\/sk\/wp-content\/uploads\/2017\/08\/DSC09392-300x225.jpg 300w, https:\/\/pitvaros.sk\/sk\/wp-content\/uploads\/2017\/08\/DSC09392-768x576.jpg 768w, https:\/\/pitvaros.sk\/sk\/wp-content\/uploads\/2017\/08\/DSC09392-285x214.jpg 285w\" sizes=\"auto, (max-width: 600px) 100vw, 600px\" \/><\/a><\/p>\n<p><a href=\"http:\/\/pitvaros.sk\/sk\/wp-content\/uploads\/2017\/08\/DSC09395.jpg\"><img loading=\"lazy\" decoding=\"async\" class=\"aligncenter wp-image-839\" src=\"http:\/\/pitvaros.sk\/sk\/wp-content\/uploads\/2017\/08\/DSC09395-768x1024.jpg\" alt=\"\" width=\"600\" height=\"800\" srcset=\"https:\/\/pitvaros.sk\/sk\/wp-content\/uploads\/2017\/08\/DSC09395-768x1024.jpg 768w, https:\/\/pitvaros.sk\/sk\/wp-content\/uploads\/2017\/08\/DSC09395-225x300.jpg 225w, https:\/\/pitvaros.sk\/sk\/wp-content\/uploads\/2017\/08\/DSC09395.jpg 1944w\" sizes=\"auto, (max-width: 600px) 100vw, 600px\" \/><\/a><\/p>\n<p><a href=\"http:\/\/pitvaros.sk\/sk\/wp-content\/uploads\/2017\/08\/DSC09426.jpg\"><img loading=\"lazy\" decoding=\"async\" class=\"aligncenter wp-image-840\" src=\"http:\/\/pitvaros.sk\/sk\/wp-content\/uploads\/2017\/08\/DSC09426-768x1024.jpg\" alt=\"\" width=\"600\" height=\"800\" srcset=\"https:\/\/pitvaros.sk\/sk\/wp-content\/uploads\/2017\/08\/DSC09426-768x1024.jpg 768w, https:\/\/pitvaros.sk\/sk\/wp-content\/uploads\/2017\/08\/DSC09426-225x300.jpg 225w, https:\/\/pitvaros.sk\/sk\/wp-content\/uploads\/2017\/08\/DSC09426.jpg 1944w\" sizes=\"auto, (max-width: 600px) 100vw, 600px\" \/><\/a><\/p>\n<p><a href=\"http:\/\/pitvaros.sk\/sk\/wp-content\/uploads\/2017\/08\/DSC09466.jpg\"><img loading=\"lazy\" decoding=\"async\" class=\"aligncenter wp-image-841\" src=\"http:\/\/pitvaros.sk\/sk\/wp-content\/uploads\/2017\/08\/DSC09466-1024x768.jpg\" alt=\"\" width=\"600\" height=\"450\" srcset=\"https:\/\/pitvaros.sk\/sk\/wp-content\/uploads\/2017\/08\/DSC09466-1024x768.jpg 1024w, https:\/\/pitvaros.sk\/sk\/wp-content\/uploads\/2017\/08\/DSC09466-300x225.jpg 300w, https:\/\/pitvaros.sk\/sk\/wp-content\/uploads\/2017\/08\/DSC09466-768x576.jpg 768w, https:\/\/pitvaros.sk\/sk\/wp-content\/uploads\/2017\/08\/DSC09466-285x214.jpg 285w\" sizes=\"auto, (max-width: 600px) 100vw, 600px\" \/><\/a><\/p>\n<p><a href=\"http:\/\/pitvaros.sk\/sk\/wp-content\/uploads\/2017\/08\/DSC09522.jpg\"><img loading=\"lazy\" decoding=\"async\" class=\"aligncenter wp-image-842\" src=\"http:\/\/pitvaros.sk\/sk\/wp-content\/uploads\/2017\/08\/DSC09522-768x1024.jpg\" alt=\"\" width=\"600\" height=\"800\" srcset=\"https:\/\/pitvaros.sk\/sk\/wp-content\/uploads\/2017\/08\/DSC09522-768x1024.jpg 768w, https:\/\/pitvaros.sk\/sk\/wp-content\/uploads\/2017\/08\/DSC09522-225x300.jpg 225w, https:\/\/pitvaros.sk\/sk\/wp-content\/uploads\/2017\/08\/DSC09522.jpg 1944w\" sizes=\"auto, (max-width: 600px) 100vw, 600px\" \/><\/a><\/p>\n<p><a href=\"http:\/\/pitvaros.sk\/sk\/wp-content\/uploads\/2017\/08\/IMG_0785.jpg\"><img loading=\"lazy\" decoding=\"async\" class=\"aligncenter wp-image-843\" src=\"http:\/\/pitvaros.sk\/sk\/wp-content\/uploads\/2017\/08\/IMG_0785-683x1024.jpg\" alt=\"\" width=\"600\" height=\"900\" srcset=\"https:\/\/pitvaros.sk\/sk\/wp-content\/uploads\/2017\/08\/IMG_0785-683x1024.jpg 683w, https:\/\/pitvaros.sk\/sk\/wp-content\/uploads\/2017\/08\/IMG_0785-200x300.jpg 200w, https:\/\/pitvaros.sk\/sk\/wp-content\/uploads\/2017\/08\/IMG_0785-768x1152.jpg 768w\" sizes=\"auto, (max-width: 600px) 100vw, 600px\" \/><\/a><\/p>\n<p><a href=\"http:\/\/pitvaros.sk\/sk\/wp-content\/uploads\/2017\/08\/IMG_0809.jpg\"><img loading=\"lazy\" decoding=\"async\" class=\"aligncenter wp-image-844\" src=\"http:\/\/pitvaros.sk\/sk\/wp-content\/uploads\/2017\/08\/IMG_0809-1024x683.jpg\" alt=\"\" width=\"600\" height=\"400\" srcset=\"https:\/\/pitvaros.sk\/sk\/wp-content\/uploads\/2017\/08\/IMG_0809-1024x683.jpg 1024w, https:\/\/pitvaros.sk\/sk\/wp-content\/uploads\/2017\/08\/IMG_0809-300x200.jpg 300w, https:\/\/pitvaros.sk\/sk\/wp-content\/uploads\/2017\/08\/IMG_0809-768x512.jpg 768w, https:\/\/pitvaros.sk\/sk\/wp-content\/uploads\/2017\/08\/IMG_0809-750x500.jpg 750w\" sizes=\"auto, (max-width: 600px) 100vw, 600px\" \/><\/a><\/p>\n<p>&nbsp;<\/p>\n<p style=\"text-align: center;\"><strong>Poz\u00fdvame V\u00e1s na prech\u00e1dzku Pitvaro\u0161om&#8230;<\/strong><\/p>\n<p>&nbsp;<\/p>\n","protected":false},"excerpt":{"rendered":"<p>Virtu\u00e1lna prehliadka centra Pitvaro\u0161a zachyt\u00e1va centrum obce prostredn\u00edctvom nieko\u013ek\u00fdch panoramatick\u00fdch bodov. V\u010faka panoramatick\u00e9mu poh\u013eadu m\u00e1 div\u00e1k pocit akoby sa nach\u00e1dzal priamo na mieste a\u00a0m\u00f4\u017ee si prezrie\u0165 re\u00e1lie Pitvaro\u0161a, ak\u00e9 boli v\u00a0\u010dase fotografovania prehliadky, 12. m\u00e1ja 2015. Cel\u00e1 sie\u0165 s\u00a0takmer 100 prepojen\u00fdmi panoramatick\u00fdmi bodmi je s\u00fa\u010das\u0165ou publik\u00e1cie Pitvaro\u0161 na star\u00fdch fotografi\u00e1ch, ktor\u00e1 vy\u0161la v\u00a0roku 2016. \u00a0Okrem <a href=\"https:\/\/pitvaros.sk\/sk\/?page_id=176\" rel=\"nofollow\"><span class=\"sr-only\">Pre\u010d\u00edta\u0165 viac o Virtu\u00e1lna prehliadka centra<\/span>[&hellip;]<\/a><\/p>\n","protected":false},"author":1,"featured_media":0,"parent":0,"menu_order":4,"comment_status":"closed","ping_status":"closed","template":"","meta":{"footnotes":""},"class_list":["post-176","page","type-page","status-publish","hentry"],"jetpack_sharing_enabled":true,"_links":{"self":[{"href":"https:\/\/pitvaros.sk\/sk\/index.php?rest_route=\/wp\/v2\/pages\/176","targetHints":{"allow":["GET"]}}],"collection":[{"href":"https:\/\/pitvaros.sk\/sk\/index.php?rest_route=\/wp\/v2\/pages"}],"about":[{"href":"https:\/\/pitvaros.sk\/sk\/index.php?rest_route=\/wp\/v2\/types\/page"}],"author":[{"embeddable":true,"href":"https:\/\/pitvaros.sk\/sk\/index.php?rest_route=\/wp\/v2\/users\/1"}],"replies":[{"embeddable":true,"href":"https:\/\/pitvaros.sk\/sk\/index.php?rest_route=%2Fwp%2Fv2%2Fcomments&post=176"}],"version-history":[{"count":6,"href":"https:\/\/pitvaros.sk\/sk\/index.php?rest_route=\/wp\/v2\/pages\/176\/revisions"}],"predecessor-version":[{"id":960,"href":"https:\/\/pitvaros.sk\/sk\/index.php?rest_route=\/wp\/v2\/pages\/176\/revisions\/960"}],"wp:attachment":[{"href":"https:\/\/pitvaros.sk\/sk\/index.php?rest_route=%2Fwp%2Fv2%2Fmedia&parent=176"}],"curies":[{"name":"wp","href":"https:\/\/api.w.org\/{rel}","templated":true}]}}