{"id":186,"date":"2017-08-01T16:56:17","date_gmt":"2017-08-01T14:56:17","guid":{"rendered":"http:\/\/pitvaros.sk\/sk\/?page_id=186"},"modified":"2024-01-19T23:09:53","modified_gmt":"2024-01-19T22:09:53","slug":"linky","status":"publish","type":"page","link":"https:\/\/pitvaros.sk\/sk\/?page_id=186","title":{"rendered":"Linky"},"content":{"rendered":"<p><strong>Kontakty a odkazy na str\u00e1nky venovan\u00e9 Pitvaro\u0161u a dolnozemsk\u00fdm Slov\u00e1kom<\/strong><\/p>\n<p><a href=\"http:\/\/pitvaros.sk\/sk\/wp-content\/uploads\/2024\/01\/Logo-genealogia-1.jpg\"><img loading=\"lazy\" decoding=\"async\" class=\"aligncenter wp-image-3160\" src=\"http:\/\/pitvaros.sk\/sk\/wp-content\/uploads\/2024\/01\/Logo-genealogia-1.jpg\" alt=\"\" width=\"221\" height=\"221\" srcset=\"https:\/\/pitvaros.sk\/sk\/wp-content\/uploads\/2024\/01\/Logo-genealogia-1.jpg 900w, https:\/\/pitvaros.sk\/sk\/wp-content\/uploads\/2024\/01\/Logo-genealogia-1-300x300.jpg 300w, https:\/\/pitvaros.sk\/sk\/wp-content\/uploads\/2024\/01\/Logo-genealogia-1-150x150.jpg 150w, https:\/\/pitvaros.sk\/sk\/wp-content\/uploads\/2024\/01\/Logo-genealogia-1-768x768.jpg 768w, https:\/\/pitvaros.sk\/sk\/wp-content\/uploads\/2024\/01\/Logo-genealogia-1-250x250.jpg 250w, https:\/\/pitvaros.sk\/sk\/wp-content\/uploads\/2024\/01\/Logo-genealogia-1-174x174.jpg 174w\" sizes=\"auto, (max-width: 221px) 100vw, 221px\" \/><\/a><\/p>\n<p style=\"text-align: center;\"><strong>Zdru\u017eenie pre genealogick\u00fd v\u00fdskum dolnozemsk\u00fdch Slov\u00e1kov<\/strong><\/p>\n<p style=\"text-align: center;\"><a href=\"http:\/\/genealogiadolnozemskychslovakov.eu\/index.php\/sk\/\">http:\/\/genealogiadolnozemskychslovakov.eu\/index.php\/sk\/<\/a><\/p>\n<p><img loading=\"lazy\" decoding=\"async\" class=\"wp-image-325 aligncenter\" src=\"http:\/\/pitvaros.sk\/sk\/wp-content\/uploads\/2017\/08\/Pitvaros_c\u00edmere.jpg\" alt=\"\" width=\"167\" height=\"208\" srcset=\"https:\/\/pitvaros.sk\/sk\/wp-content\/uploads\/2017\/08\/Pitvaros_c\u00edmere.jpg 2000w, https:\/\/pitvaros.sk\/sk\/wp-content\/uploads\/2017\/08\/Pitvaros_c\u00edmere-240x300.jpg 240w, https:\/\/pitvaros.sk\/sk\/wp-content\/uploads\/2017\/08\/Pitvaros_c\u00edmere-768x959.jpg 768w, https:\/\/pitvaros.sk\/sk\/wp-content\/uploads\/2017\/08\/Pitvaros_c\u00edmere-820x1024.jpg 820w\" sizes=\"auto, (max-width: 167px) 100vw, 167px\" \/><\/p>\n<p style=\"text-align: center;\"><strong>Str\u00e1nka obce Pitvaro\u0161<\/strong><\/p>\n<p style=\"text-align: center;\"><a href=\"http:\/\/www.pitvaros.hu\" target=\"_blank\" rel=\"noopener\">www.pitvaros.hu<\/a><\/p>\n<p style=\"text-align: center;\"><a href=\"http:\/\/pitvaros.sk\/sk\/wp-content\/uploads\/2017\/08\/wikipedia-logo.png\"><img loading=\"lazy\" decoding=\"async\" class=\"wp-image-329 aligncenter\" src=\"http:\/\/pitvaros.sk\/sk\/wp-content\/uploads\/2017\/08\/wikipedia-logo-261x300.png\" alt=\"\" width=\"181\" height=\"208\" srcset=\"https:\/\/pitvaros.sk\/sk\/wp-content\/uploads\/2017\/08\/wikipedia-logo-261x300.png 261w, https:\/\/pitvaros.sk\/sk\/wp-content\/uploads\/2017\/08\/wikipedia-logo-768x882.png 768w, https:\/\/pitvaros.sk\/sk\/wp-content\/uploads\/2017\/08\/wikipedia-logo-892x1024.png 892w, https:\/\/pitvaros.sk\/sk\/wp-content\/uploads\/2017\/08\/wikipedia-logo.png 2000w\" sizes=\"auto, (max-width: 181px) 100vw, 181px\" \/><\/a><\/p>\n<p style=\"text-align: center;\"><strong>Inform\u00e1cie o Pitvaro\u0161i na wikip\u00e9dii<\/strong><\/p>\n<p style=\"text-align: center;\"><a href=\"https:\/\/sk.wikipedia.org\/wiki\/Pitvaro%C5%A1\" target=\"_blank\" rel=\"noopener\">odkaz na str\u00e1nku<\/a><\/p>\n<p style=\"text-align: center;\"><a href=\"http:\/\/pitvaros.sk\/sk\/wp-content\/uploads\/2017\/08\/spolok-logo.jpg\"><img loading=\"lazy\" decoding=\"async\" class=\"wp-image-327 aligncenter\" src=\"http:\/\/pitvaros.sk\/sk\/wp-content\/uploads\/2017\/08\/spolok-logo.jpg\" alt=\"\" width=\"187\" height=\"213\" srcset=\"https:\/\/pitvaros.sk\/sk\/wp-content\/uploads\/2017\/08\/spolok-logo.jpg 305w, https:\/\/pitvaros.sk\/sk\/wp-content\/uploads\/2017\/08\/spolok-logo-264x300.jpg 264w\" sizes=\"auto, (max-width: 187px) 100vw, 187px\" \/><\/a><\/p>\n<p style=\"text-align: center;\"><strong>\u00a0Spolok Slov\u00e1kov z Ma\u010farska<\/strong><\/p>\n<p style=\"text-align: center;\"><a href=\"http:\/\/slovaci-z-madarska.spolok.eu\/\" target=\"_blank\" rel=\"noopener\">http:\/\/slovaci-z-madarska.spolok.eu\/<\/a><\/p>\n<p>&nbsp;<\/p>\n<p style=\"text-align: center;\"><img loading=\"lazy\" decoding=\"async\" class=\"wp-image-333 aligncenter\" src=\"http:\/\/pitvaros.sk\/sk\/wp-content\/uploads\/2017\/08\/celostatna-samosprava.jpg\" alt=\"\" width=\"196\" height=\"196\" srcset=\"https:\/\/pitvaros.sk\/sk\/wp-content\/uploads\/2017\/08\/celostatna-samosprava.jpg 225w, https:\/\/pitvaros.sk\/sk\/wp-content\/uploads\/2017\/08\/celostatna-samosprava-150x150.jpg 150w, https:\/\/pitvaros.sk\/sk\/wp-content\/uploads\/2017\/08\/celostatna-samosprava-174x174.jpg 174w\" sizes=\"auto, (max-width: 196px) 100vw, 196px\" \/><\/p>\n<p style=\"text-align: center;\"><strong>\u00a0<\/strong><strong>Celo\u0161t\u00e1tna slovensk\u00e1 samospr\u00e1va v Ma\u010farsku<\/strong><\/p>\n<p style=\"text-align: center;\"><a href=\"http:\/\/www.slovaci.hu\/index.php\/sk\/\" target=\"_blank\" rel=\"noopener\">http:\/\/www.slovaci.hu\/index.php\/sk\/<\/a><\/p>\n<p style=\"text-align: center;\"><strong>Dokumenta\u010dn\u00e9 centrum Celo\u0161t\u00e1tnej slovenskej samospr\u00e1vy v Ma\u010farsku<\/strong><\/p>\n<p style=\"text-align: center;\"><a href=\"http:\/\/sdc.slovaci.hu\/\">http:\/\/sdc.slovaci.hu\/<\/a><\/p>\n<p style=\"text-align: center;\"><a href=\"http:\/\/pitvaros.sk\/sk\/wp-content\/uploads\/2017\/08\/logo_szlovak.png\"><img loading=\"lazy\" decoding=\"async\" class=\"wp-image-335 aligncenter\" src=\"http:\/\/pitvaros.sk\/sk\/wp-content\/uploads\/2017\/08\/logo_szlovak-300x114.png\" alt=\"\" width=\"284\" height=\"108\" srcset=\"https:\/\/pitvaros.sk\/sk\/wp-content\/uploads\/2017\/08\/logo_szlovak-300x114.png 300w, https:\/\/pitvaros.sk\/sk\/wp-content\/uploads\/2017\/08\/logo_szlovak.png 370w\" sizes=\"auto, (max-width: 284px) 100vw, 284px\" \/><\/a><\/p>\n<p style=\"text-align: center;\"><strong>\u00dastav kult\u00fary Slov\u00e1kov v Ma\u010farsku<\/strong><\/p>\n<p style=\"text-align: center;\"><a href=\"http:\/\/slovakkultura.hu\/\" target=\"_blank\" rel=\"noopener\">http:\/\/slovakkultura.hu\/<\/a><\/p>\n<p style=\"text-align: center;\"><a href=\"http:\/\/pitvaros.sk\/sk\/wp-content\/uploads\/2017\/08\/ustav-caba.jpg\"><img loading=\"lazy\" decoding=\"async\" class=\"wp-image-337 aligncenter\" src=\"http:\/\/pitvaros.sk\/sk\/wp-content\/uploads\/2017\/08\/ustav-caba-300x300.jpg\" alt=\"\" width=\"160\" height=\"160\" srcset=\"https:\/\/pitvaros.sk\/sk\/wp-content\/uploads\/2017\/08\/ustav-caba-300x300.jpg 300w, https:\/\/pitvaros.sk\/sk\/wp-content\/uploads\/2017\/08\/ustav-caba-150x150.jpg 150w, https:\/\/pitvaros.sk\/sk\/wp-content\/uploads\/2017\/08\/ustav-caba-250x250.jpg 250w, https:\/\/pitvaros.sk\/sk\/wp-content\/uploads\/2017\/08\/ustav-caba-174x174.jpg 174w, https:\/\/pitvaros.sk\/sk\/wp-content\/uploads\/2017\/08\/ustav-caba.jpg 305w\" sizes=\"auto, (max-width: 160px) 100vw, 160px\" \/><\/a><\/p>\n<p style=\"text-align: center;\"><strong>V\u00fdskumn\u00fd \u00fastav Slov\u00e1kov v Ma\u010farsku<\/strong><\/p>\n<p style=\"text-align: center;\"><a href=\"http:\/\/vusm.slovaci.hu\/sk\/\" target=\"_blank\" rel=\"noopener\">http:\/\/vusm.slovaci.hu\/sk\/<\/a><\/p>\n<p><a href=\"http:\/\/pitvaros.sk\/sk\/wp-content\/uploads\/2017\/08\/ludove_noviny-e1501843767379.jpg\"><img loading=\"lazy\" decoding=\"async\" class=\"wp-image-338 aligncenter\" src=\"http:\/\/pitvaros.sk\/sk\/wp-content\/uploads\/2017\/08\/ludove_noviny-e1501843767379-300x58.jpg\" alt=\"\" width=\"362\" height=\"70\" srcset=\"https:\/\/pitvaros.sk\/sk\/wp-content\/uploads\/2017\/08\/ludove_noviny-e1501843767379-300x58.jpg 300w, https:\/\/pitvaros.sk\/sk\/wp-content\/uploads\/2017\/08\/ludove_noviny-e1501843767379.jpg 689w\" sizes=\"auto, (max-width: 362px) 100vw, 362px\" \/><\/a><\/p>\n<p style=\"text-align: center;\"><strong>\u013dudov\u00e9 noviny &#8211; t\u00fd\u017edenn\u00edk a port\u00e1l Slov\u00e1kov v Ma\u010farsku<\/strong><\/p>\n<p style=\"text-align: center;\"><a href=\"http:\/\/www.luno.hu\/\" target=\"_blank\" rel=\"noopener\">http:\/\/www.luno.hu\/<\/a><\/p>\n<p><img loading=\"lazy\" decoding=\"async\" class=\"size-full wp-image-341 aligncenter\" src=\"http:\/\/pitvaros.sk\/sk\/wp-content\/uploads\/2017\/08\/nadacia-logo.png\" alt=\"\" width=\"166\" height=\"187\" \/><\/p>\n<p style=\"text-align: center;\"><strong>Verejnoprospe\u0161n\u00e1 nad\u00e1cia za Slov\u00e1kov v Ma\u010farsku<\/strong><\/p>\n<p style=\"text-align: center;\"><a href=\"http:\/\/www.slovaci.hu\/nadacia\/\" target=\"_blank\" rel=\"noopener\">http:\/\/www.slovaci.hu\/nadacia\/<\/a><\/p>\n<p>&nbsp;<\/p>\n<p style=\"text-align: center;\"><a href=\"http:\/\/pitvaros.sk\/sk\/wp-content\/uploads\/2017\/08\/oslavmahu.png\"><img loading=\"lazy\" decoding=\"async\" class=\"wp-image-343 aligncenter\" src=\"http:\/\/pitvaros.sk\/sk\/wp-content\/uploads\/2017\/08\/oslavmahu.png\" alt=\"\" width=\"290\" height=\"48\" \/><\/a><\/p>\n<p style=\"text-align: center;\"><strong>Slov\u00e1k v Ma\u010farsku &#8211; nez\u00e1visl\u00fd slovensk\u00fd port\u00e1l v Ma\u010farsku<\/strong><\/p>\n<p style=\"text-align: center;\"><a href=\"http:\/\/www.oslovma.hu\/index.php\/sk\/\" target=\"_blank\" rel=\"noopener\">http:\/\/www.oslovma.hu\/index.php\/sk\/<\/a><\/p>\n<p><a href=\"http:\/\/pitvaros.sk\/sk\/wp-content\/uploads\/2017\/08\/vojvodina.jpg\"><img loading=\"lazy\" decoding=\"async\" class=\"wp-image-347 aligncenter\" src=\"http:\/\/pitvaros.sk\/sk\/wp-content\/uploads\/2017\/08\/vojvodina-300x133.jpg\" alt=\"\" width=\"293\" height=\"130\" srcset=\"https:\/\/pitvaros.sk\/sk\/wp-content\/uploads\/2017\/08\/vojvodina-300x133.jpg 300w, https:\/\/pitvaros.sk\/sk\/wp-content\/uploads\/2017\/08\/vojvodina-768x341.jpg 768w, https:\/\/pitvaros.sk\/sk\/wp-content\/uploads\/2017\/08\/vojvodina.jpg 890w\" sizes=\"auto, (max-width: 293px) 100vw, 293px\" \/><\/a><\/p>\n<p style=\"text-align: center;\"><strong>\u00dastav pre kult\u00faru vojvodinsk\u00fdch Slov\u00e1kov\u00a0<\/strong><\/p>\n<p style=\"text-align: center;\"><a href=\"http:\/\/www.slovackizavod.org.rs\/\" target=\"_blank\" rel=\"noopener\">http:\/\/www.slovackizavod.org.rs\/<\/a><\/p>\n<p><a href=\"http:\/\/pitvaros.sk\/sk\/wp-content\/uploads\/2017\/08\/rumunsko.png\"><img loading=\"lazy\" decoding=\"async\" class=\"size-medium wp-image-348 aligncenter\" src=\"http:\/\/pitvaros.sk\/sk\/wp-content\/uploads\/2017\/08\/rumunsko-300x103.png\" alt=\"\" width=\"300\" height=\"103\" srcset=\"https:\/\/pitvaros.sk\/sk\/wp-content\/uploads\/2017\/08\/rumunsko-300x103.png 300w, https:\/\/pitvaros.sk\/sk\/wp-content\/uploads\/2017\/08\/rumunsko.png 366w\" sizes=\"auto, (max-width: 300px) 100vw, 300px\" \/><\/a><\/p>\n<p style=\"text-align: center;\"><strong>Slov\u00e1ci v Rumunsku<\/strong><\/p>\n<p style=\"text-align: center;\"><a href=\"http:\/\/www.slovacivrumunsku.sk\/03-dzscr.php\" target=\"_blank\" rel=\"noopener\">http:\/\/www.slovacivrumunsku.sk\/03-dzscr.php<\/a><\/p>\n<p><a href=\"http:\/\/pitvaros.sk\/sk\/wp-content\/uploads\/2017\/08\/hlas-ludu.png\"><img loading=\"lazy\" decoding=\"async\" class=\"size-full wp-image-349 aligncenter\" src=\"http:\/\/pitvaros.sk\/sk\/wp-content\/uploads\/2017\/08\/hlas-ludu.png\" alt=\"\" width=\"290\" height=\"83\" srcset=\"https:\/\/pitvaros.sk\/sk\/wp-content\/uploads\/2017\/08\/hlas-ludu.png 290w, https:\/\/pitvaros.sk\/sk\/wp-content\/uploads\/2017\/08\/hlas-ludu-285x83.png 285w\" sizes=\"auto, (max-width: 290px) 100vw, 290px\" \/><\/a><\/p>\n<p style=\"text-align: center;\"><strong>Hlas \u013eudu &#8211; informa\u010dno-politick\u00fd t\u00fd\u017edenn\u00edk<\/strong><\/p>\n<p style=\"text-align: center;\"><a href=\"http:\/\/hl.rs\/\" target=\"_blank\" rel=\"noopener\">http:\/\/hl.rs\/<\/a><\/p>\n<p style=\"text-align: center;\"><a href=\"http:\/\/pitvaros.sk\/sk\/wp-content\/uploads\/2017\/08\/slovenskezahranicie.png\"><img loading=\"lazy\" decoding=\"async\" class=\"size-medium wp-image-345 aligncenter\" src=\"http:\/\/pitvaros.sk\/sk\/wp-content\/uploads\/2017\/08\/slovenskezahranicie-300x114.png\" alt=\"\" width=\"300\" height=\"114\" srcset=\"https:\/\/pitvaros.sk\/sk\/wp-content\/uploads\/2017\/08\/slovenskezahranicie-300x114.png 300w, https:\/\/pitvaros.sk\/sk\/wp-content\/uploads\/2017\/08\/slovenskezahranicie.png 433w\" sizes=\"auto, (max-width: 300px) 100vw, 300px\" \/><\/a><\/p>\n<p style=\"text-align: center;\"><strong>Slovensk\u00e9 zahrani\u010die &#8211; Port\u00e1l Slov\u00e1kov vo svete<\/strong><\/p>\n<p style=\"text-align: center;\"><a href=\"http:\/\/www.slovenskezahranicie.sk\/sk\/\" target=\"_blank\" rel=\"noopener\">http:\/\/www.slovenskezahranicie.sk\/sk\/<\/a><\/p>\n<p style=\"text-align: center;\"><a href=\"http:\/\/pitvaros.sk\/sk\/wp-content\/uploads\/2017\/08\/urad-logo.jpg\"><img loading=\"lazy\" decoding=\"async\" class=\"wp-image-328 aligncenter\" src=\"http:\/\/pitvaros.sk\/sk\/wp-content\/uploads\/2017\/08\/urad-logo.jpg\" alt=\"\" width=\"262\" height=\"124\" \/><\/a><\/p>\n<p style=\"text-align: center;\"><strong>\u00darad pre Slov\u00e1kov \u017eij\u00facich v zahrani\u010d\u00ed<\/strong><\/p>\n<p style=\"text-align: center;\"><a href=\"http:\/\/www.uszz.sk\/sk\" target=\"_blank\" rel=\"noopener\">http:\/\/www.uszz.sk\/sk<\/a><\/p>\n<p>&nbsp;<\/p>\n","protected":false},"excerpt":{"rendered":"<p>Kontakty a odkazy na str\u00e1nky venovan\u00e9 Pitvaro\u0161u a dolnozemsk\u00fdm Slov\u00e1kom Zdru\u017eenie pre genealogick\u00fd v\u00fdskum dolnozemsk\u00fdch Slov\u00e1kov http:\/\/genealogiadolnozemskychslovakov.eu\/index.php\/sk\/ Str\u00e1nka obce Pitvaro\u0161 www.pitvaros.hu Inform\u00e1cie o Pitvaro\u0161i na wikip\u00e9dii odkaz na str\u00e1nku \u00a0Spolok Slov\u00e1kov z Ma\u010farska http:\/\/slovaci-z-madarska.spolok.eu\/ &nbsp; \u00a0Celo\u0161t\u00e1tna slovensk\u00e1 samospr\u00e1va v Ma\u010farsku http:\/\/www.slovaci.hu\/index.php\/sk\/ Dokumenta\u010dn\u00e9 centrum Celo\u0161t\u00e1tnej slovenskej samospr\u00e1vy v Ma\u010farsku http:\/\/sdc.slovaci.hu\/ \u00dastav kult\u00fary Slov\u00e1kov v Ma\u010farsku http:\/\/slovakkultura.hu\/ <a href=\"https:\/\/pitvaros.sk\/sk\/?page_id=186\" rel=\"nofollow\"><span class=\"sr-only\">Pre\u010d\u00edta\u0165 viac o Linky<\/span>[&hellip;]<\/a><\/p>\n","protected":false},"author":1,"featured_media":0,"parent":0,"menu_order":6,"comment_status":"closed","ping_status":"closed","template":"","meta":{"footnotes":""},"class_list":["post-186","page","type-page","status-publish","hentry"],"jetpack_sharing_enabled":true,"_links":{"self":[{"href":"https:\/\/pitvaros.sk\/sk\/index.php?rest_route=\/wp\/v2\/pages\/186","targetHints":{"allow":["GET"]}}],"collection":[{"href":"https:\/\/pitvaros.sk\/sk\/index.php?rest_route=\/wp\/v2\/pages"}],"about":[{"href":"https:\/\/pitvaros.sk\/sk\/index.php?rest_route=\/wp\/v2\/types\/page"}],"author":[{"embeddable":true,"href":"https:\/\/pitvaros.sk\/sk\/index.php?rest_route=\/wp\/v2\/users\/1"}],"replies":[{"embeddable":true,"href":"https:\/\/pitvaros.sk\/sk\/index.php?rest_route=%2Fwp%2Fv2%2Fcomments&post=186"}],"version-history":[{"count":6,"href":"https:\/\/pitvaros.sk\/sk\/index.php?rest_route=\/wp\/v2\/pages\/186\/revisions"}],"predecessor-version":[{"id":3174,"href":"https:\/\/pitvaros.sk\/sk\/index.php?rest_route=\/wp\/v2\/pages\/186\/revisions\/3174"}],"wp:attachment":[{"href":"https:\/\/pitvaros.sk\/sk\/index.php?rest_route=%2Fwp%2Fv2%2Fmedia&parent=186"}],"curies":[{"name":"wp","href":"https:\/\/api.w.org\/{rel}","templated":true}]}}